{"id":1178,"date":"2019-03-07T09:41:09","date_gmt":"2019-03-07T09:41:09","guid":{"rendered":"https:\/\/www.construccionsireformessanti.com\/?page_id=1178"},"modified":"2023-02-08T08:50:22","modified_gmt":"2023-02-08T08:50:22","slug":"rehabilitacion-de-pisos-en-cambrils","status":"publish","type":"page","link":"https:\/\/www.construccionsireformessanti.com\/ca\/rehabilitacion-de-pisos-en-cambrils\/","title":{"rendered":"Rehabilitaci\u00f3n de pisos en Cambrils"},"content":{"rendered":"<p>[et_pb_section fb_built=\u00bb1&#8243; _builder_version=\u00bb4.17.3&#8243; _module_preset=\u00bbdefault\u00bb background_image=\u00bbhttps:\/\/www.construccionsireformessanti.com\/wp-content\/uploads\/2021\/08\/empresa-de-reformas-en-Tarragona.jpg\u00bb locked=\u00bboff\u00bb global_colors_info=\u00bb{}\u00bb][et_pb_row _builder_version=\u00bb4.17.3&#8243; _module_preset=\u00bbdefault\u00bb global_colors_info=\u00bb{}\u00bb][et_pb_column type=\u00bb4_4&#8243; _builder_version=\u00bb4.17.3&#8243; _module_preset=\u00bbdefault\u00bb global_colors_info=\u00bb{}\u00bb][et_pb_text _builder_version=\u00bb4.17.3&#8243; background_size=\u00bbinitial\u00bb background_position=\u00bbtop_left\u00bb background_repeat=\u00bbrepeat\u00bb text_orientation=\u00bbcenter\u00bb module_alignment=\u00bbcenter\u00bb hover_enabled=\u00bb0&#8243; use_border_color=\u00bboff\u00bb border_color=\u00bb#ffffff\u00bb border_style=\u00bbsolid\u00bb global_colors_info=\u00bb{}\u00bb sticky_enabled=\u00bb0&#8243;]<\/p>\n<h1><strong>Rehabilitaci\u00f3n de pisos en Cambrils<\/strong><\/h1>\n<p>[\/et_pb_text][\/et_pb_column][\/et_pb_row][\/et_pb_section][et_pb_section fb_built=\u00bb1&#8243; admin_label=\u00bbsection\u00bb _builder_version=\u00bb4.16&#8243; global_colors_info=\u00bb{}\u00bb][et_pb_row column_structure=\u00bb2_3,1_3&#8243; admin_label=\u00bbrow\u00bb _builder_version=\u00bb4.16&#8243; background_size=\u00bbinitial\u00bb background_position=\u00bbtop_left\u00bb background_repeat=\u00bbrepeat\u00bb global_colors_info=\u00bb{}\u00bb][et_pb_column type=\u00bb2_3&#8243; _builder_version=\u00bb4.16&#8243; custom_padding=\u00bb|||\u00bb global_colors_info=\u00bb{}\u00bb custom_padding__hover=\u00bb|||\u00bb][et_pb_text _builder_version=\u00bb4.17.3&#8243; background_size=\u00bbinitial\u00bb background_position=\u00bbtop_left\u00bb background_repeat=\u00bbrepeat\u00bb text_orientation=\u00bbcenter\u00bb module_alignment=\u00bbcenter\u00bb hover_enabled=\u00bb0&#8243; use_border_color=\u00bboff\u00bb border_color=\u00bb#ffffff\u00bb border_style=\u00bbsolid\u00bb global_colors_info=\u00bb{}\u00bb sticky_enabled=\u00bb0&#8243;]<\/p>\n<h2 style=\"text-align: left;\"><strong>Expertos en la rehabilitaci\u00f3n de pisos en Cambrils<\/strong><\/h2>\n<p>[\/et_pb_text][et_pb_text _builder_version=\u00bb4.17.3&#8243; background_size=\u00bbinitial\u00bb background_position=\u00bbtop_left\u00bb background_repeat=\u00bbrepeat\u00bb text_orientation=\u00bbjustified\u00bb hover_enabled=\u00bb0&#8243; use_border_color=\u00bboff\u00bb border_color=\u00bb#ffffff\u00bb border_style=\u00bbsolid\u00bb global_colors_info=\u00bb{}\u00bb sticky_enabled=\u00bb0&#8243;]<\/p>\n<p>Si necesita una empresa que haga <strong>rehabilitaci\u00f3n de pisos en Cambrils<\/strong>\u00a0para reformar su piso o casa, en\u00a0Construcciones y montajes Santi podemos ayudarle. Realizamos todo tipo de reformas que necesite, reformas de ba\u00f1o, de cocina, construcci\u00f3n de pergolas, fabricamos muebles a medida.<\/p>\n<p>Si necesita alg\u00fan tipo de reforma solo tiene que contactar con nosotros. Puede hacerlo a trav\u00e9s de nuestro numero de contacto\u00a0<a href=\"tel:\/\/606312900\">606 312 900<\/a>\u00a0o contactar con nosotros a trav\u00e9s de nuestro <a href=\"https:\/\/www.construccionsireformessanti.com\/contacto\/\">formulario de contacto<\/a>, le contestaremos con la mayor brevedad posible.<\/p>\n<p>Tenemos a\u00f1os de experiencia en el sector y podemos realizar el proyecto para hacer la reforma perfecta.<\/p>\n<p>Si desea <strong>rehabilitar un espacio exterior<\/strong> tambi\u00e9n nos hacemos cargo de todo, en caso de ser un local, rehabilitamos toda la fachada entera y construimos una terraza si se requiere. En caso de que sea una casa y desea construir un jard\u00edn o piscina tambi\u00e9n nos ocupamos de ello sin ning\u00fan problema.<\/p>\n<p><strong>Rehabilitamos locales des de cero<\/strong>, disponemos de los mejores materiales para que la reforma sea muy duradera y se vea como nueva por much\u00edsimo tiempo. Puede contactar con nosotros para resolver cualquier duda y uno de nuestros profesionales le responder\u00e1 lo antes posible.<\/p>\n<p>La mejor <strong>rehabilitaci\u00f3n de pisos en Cambrils<\/strong>\u00a0a manos de Construcciones y montajes Santi.<\/p>\n<p>&nbsp;<\/p>\n<h3>Solicitar informaci\u00f3n<\/h3>\n<p><span>En Construcciones y Montajes Santi somos expertos en la rehabilitaci\u00f3n de pisos, ofreciendo soluciones personalizadas y de alta calidad. Nuestro equipo est\u00e1 compuesto por profesionales altamente capacitados y experimentados, que se esfuerzan por cumplir con los plazos y presupuestos acordados. Utilizamos materiales de la m\u00e1s alta calidad y tecnolog\u00edas innovadoras para garantizar la durabilidad y la satisfacci\u00f3n del cliente en todo momento.<\/span><\/p>\n<p>Recordamos que puede contactar con nosotros a trav\u00e9s de\u00a0nuestro numero de contacto\u00a0<a href=\"tel:\/\/606312900\">606 312 900<\/a>\u00a0o simplemente a trav\u00e9s de nuestro formulario de contacto pulsando en el siguiente enlace.<\/p>\n<p>[\/et_pb_text][et_pb_button button_url=\u00bbhttps:\/\/www.construccionsireformessanti.com\/contacto\/\u00bb button_text=\u00bb\u00a1Contacte!\u00bb button_alignment=\u00bbcenter\u00bb _builder_version=\u00bb4.16&#8243; custom_button=\u00bbon\u00bb button_text_color=\u00bb#ff6600&#8243; button_icon_color=\u00bb#ff6600&#8243; global_colors_info=\u00bb{}\u00bb button_text_size__hover_enabled=\u00bboff\u00bb button_text_size__hover=\u00bbnull\u00bb button_one_text_size__hover_enabled=\u00bboff\u00bb button_one_text_size__hover=\u00bbnull\u00bb button_two_text_size__hover_enabled=\u00bboff\u00bb button_two_text_size__hover=\u00bbnull\u00bb button_text_color__hover_enabled=\u00bboff\u00bb button_text_color__hover=\u00bbnull\u00bb button_one_text_color__hover_enabled=\u00bboff\u00bb button_one_text_color__hover=\u00bbnull\u00bb button_two_text_color__hover_enabled=\u00bboff\u00bb button_two_text_color__hover=\u00bbnull\u00bb button_border_width__hover_enabled=\u00bboff\u00bb button_border_width__hover=\u00bbnull\u00bb button_one_border_width__hover_enabled=\u00bboff\u00bb button_one_border_width__hover=\u00bbnull\u00bb button_two_border_width__hover_enabled=\u00bboff\u00bb button_two_border_width__hover=\u00bbnull\u00bb button_border_color__hover_enabled=\u00bboff\u00bb button_border_color__hover=\u00bbnull\u00bb button_one_border_color__hover_enabled=\u00bboff\u00bb button_one_border_color__hover=\u00bbnull\u00bb button_two_border_color__hover_enabled=\u00bboff\u00bb button_two_border_color__hover=\u00bbnull\u00bb button_border_radius__hover_enabled=\u00bboff\u00bb button_border_radius__hover=\u00bbnull\u00bb button_one_border_radius__hover_enabled=\u00bboff\u00bb button_one_border_radius__hover=\u00bbnull\u00bb button_two_border_radius__hover_enabled=\u00bboff\u00bb button_two_border_radius__hover=\u00bbnull\u00bb button_letter_spacing__hover_enabled=\u00bboff\u00bb button_letter_spacing__hover=\u00bbnull\u00bb button_one_letter_spacing__hover_enabled=\u00bboff\u00bb button_one_letter_spacing__hover=\u00bbnull\u00bb button_two_letter_spacing__hover_enabled=\u00bboff\u00bb button_two_letter_spacing__hover=\u00bbnull\u00bb button_bg_color__hover_enabled=\u00bboff\u00bb button_bg_color__hover=\u00bbnull\u00bb button_one_bg_color__hover_enabled=\u00bboff\u00bb button_one_bg_color__hover=\u00bbnull\u00bb button_two_bg_color__hover_enabled=\u00bboff\u00bb button_two_bg_color__hover=\u00bbnull\u00bb]<br \/>\n[\/et_pb_button][et_pb_image src=\u00bbhttps:\/\/www.construccionsireformessanti.com\/wp-content\/uploads\/2019\/03\/rehabilitacion-vivienda.jpeg\u00bb alt=\u00bbRehabilitaci\u00f3n de pisos en Cambrils\u00bb title_text=\u00bbRehabilitaci\u00f3n de pisos en Cambrils\u00bb align_tablet=\u00bbcenter\u00bb align_phone=\u00bbcenter\u00bb align_last_edited=\u00bbon|desktop\u00bb _builder_version=\u00bb4.17.3&#8243; animation_style=\u00bbslide\u00bb animation_direction=\u00bbleft\u00bb animation_duration=\u00bb500ms\u00bb animation_intensity_slide=\u00bb10%\u00bb hover_enabled=\u00bb0&#8243; use_border_color=\u00bboff\u00bb border_color=\u00bb#ffffff\u00bb border_style=\u00bbsolid\u00bb animation=\u00bbleft\u00bb sticky=\u00bboff\u00bb global_colors_info=\u00bb{}\u00bb sticky_enabled=\u00bb0&#8243;]<br \/>\n[\/et_pb_image][\/et_pb_column][et_pb_column type=\u00bb1_3&#8243; _builder_version=\u00bb4.16&#8243; custom_padding=\u00bb|||\u00bb global_colors_info=\u00bb{}\u00bb custom_padding__hover=\u00bb|||\u00bb][et_pb_blog posts_number=\u00bb2&#8243; include_categories=\u00bb18&#8243; show_comments=\u00bbon\u00bb _builder_version=\u00bb4.16&#8243; use_border_color=\u00bboff\u00bb border_color=\u00bb#ffffff\u00bb border_style=\u00bbsolid\u00bb use_dropshadow=\u00bboff\u00bb global_colors_info=\u00bb{}\u00bb]<br \/>\n[\/et_pb_blog][\/et_pb_column][\/et_pb_row][et_pb_row _builder_version=\u00bb4.17.3&#8243; _module_preset=\u00bbdefault\u00bb column_structure=\u00bb1_2,1_2&#8243;][et_pb_column _builder_version=\u00bb4.17.3&#8243; _module_preset=\u00bbdefault\u00bb type=\u00bb1_2&#8243;][et_pb_image src=\u00bbhttps:\/\/www.construccionsireformessanti.com\/wp-content\/uploads\/2018\/11\/rehabilitaciones-600.jpg\u00bb _builder_version=\u00bb4.17.3&#8243; _module_preset=\u00bbdefault\u00bb alt=\u00bbRehabilitaci\u00f3n de pisos en Cambrils\u00bb title_text=\u00bbRehabilitaci\u00f3n de pisos en Cambrils\u00bb hover_enabled=\u00bb0&#8243; sticky_enabled=\u00bb0&#8243;][\/et_pb_image][\/et_pb_column][et_pb_column _builder_version=\u00bb4.17.3&#8243; _module_preset=\u00bbdefault\u00bb type=\u00bb1_2&#8243;][et_pb_image src=\u00bbhttps:\/\/www.construccionsireformessanti.com\/wp-content\/uploads\/2015\/05\/planos-para-reformas.jpg\u00bb _builder_version=\u00bb4.17.3&#8243; _module_preset=\u00bbdefault\u00bb alt=\u00bbRehabilitaci\u00f3n de pisos en Cambrils\u00bb title_text=\u00bbRehabilitaci\u00f3n de pisos en Cambrils\u00bb hover_enabled=\u00bb0&#8243; sticky_enabled=\u00bb0&#8243;][\/et_pb_image][\/et_pb_column][\/et_pb_row][\/et_pb_section][et_pb_section fb_built=\u00bb1&#8243; custom_padding_last_edited=\u00bbon|desktop\u00bb admin_label=\u00bbsection\u00bb _builder_version=\u00bb3.22&#8243; background_color=\u00bb#CE4F00&#8243; custom_padding=\u00bb0px|0px|0px|0px\u00bb custom_padding_tablet=\u00bb50px|0|50px|0&#8243; custom_padding_phone=\u00bb\u00bb transparent_background=\u00bboff\u00bb padding_mobile=\u00bboff\u00bb make_fullwidth=\u00bboff\u00bb use_custom_width=\u00bboff\u00bb width_unit=\u00bboff\u00bb custom_width_px=\u00bb1080px\u00bb custom_width_percent=\u00bb80%\u00bb global_module=\u00bb616&#8243; global_colors_info=\u00bb{}\u00bb][et_pb_row column_structure=\u00bb1_3,1_3,1_3&#8243; make_equal=\u00bbon\u00bb column_padding_mobile=\u00bbon\u00bb admin_label=\u00bbrow\u00bb _builder_version=\u00bb4.16&#8243; background_size=\u00bbinitial\u00bb background_position=\u00bbtop_left\u00bb background_repeat=\u00bbrepeat\u00bb custom_padding=\u00bb||||false|false\u00bb global_colors_info=\u00bb{}\u00bb][et_pb_column type=\u00bb1_3&#8243; _builder_version=\u00bb4.16&#8243; custom_padding=\u00bb0.8em|0.8em|0.8em|0.8em|true|true\u00bb box_shadow_style=\u00bbpreset3&#8243; box_shadow_vertical=\u00bb5px\u00bb box_shadow_blur=\u00bb17px\u00bb global_colors_info=\u00bb{}\u00bb custom_padding__hover=\u00bb|||\u00bb][et_pb_blurb title=\u00bbDirecci\u00f3n:\u00bb use_icon=\u00bbon\u00bb font_icon=\u00bb&#xe080;||divi||400&#8243; icon_placement=\u00bbleft\u00bb _builder_version=\u00bb4.16&#8243; header_level=\u00bbh3&#8243; header_font=\u00bb|on|||\u00bb header_text_color=\u00bb#000000&#8243; header_font_size=\u00bb18px\u00bb body_text_color=\u00bb#FFFFFF\u00bb body_font_size=\u00bb16px\u00bb background_size=\u00bbinitial\u00bb background_position=\u00bbtop_left\u00bb background_repeat=\u00bbrepeat\u00bb text_orientation=\u00bbcenter\u00bb custom_css_main_element=\u00bbheight:100%;\u00bb use_border_color=\u00bboff\u00bb border_color=\u00bb#ffffff\u00bb border_style=\u00bbsolid\u00bb global_colors_info=\u00bb{}\u00bb]C\/ Llenguaderes, 3<\/p>\n<p>43392 \u2013 Castellvell del Camp<\/p>\n<p>(Tarragona)[\/et_pb_blurb][\/et_pb_column][et_pb_column type=\u00bb1_3&#8243; _builder_version=\u00bb4.16&#8243; custom_padding=\u00bb0.8em|0.8em|0.8em|0.8em|true|true\u00bb box_shadow_style=\u00bbpreset3&#8243; box_shadow_vertical=\u00bb5px\u00bb box_shadow_blur=\u00bb17px\u00bb global_colors_info=\u00bb{}\u00bb custom_padding__hover=\u00bb|||\u00bb][et_pb_blurb title=\u00bbContacto:\u00bb use_icon=\u00bbon\u00bb font_icon=\u00bb&#xe090;||divi||400&#8243; icon_placement=\u00bbleft\u00bb _builder_version=\u00bb4.16&#8243; header_level=\u00bbh3&#8243; header_font=\u00bb|on|||\u00bb header_text_color=\u00bb#000000&#8243; header_font_size=\u00bb18px\u00bb body_font=\u00bb|700|||||||\u00bb body_text_color=\u00bb#FFFFFF\u00bb body_font_size=\u00bb16px\u00bb background_size=\u00bbinitial\u00bb background_position=\u00bbtop_left\u00bb background_repeat=\u00bbrepeat\u00bb text_orientation=\u00bbcenter\u00bb use_border_color=\u00bboff\u00bb border_color=\u00bb#ffffff\u00bb border_style=\u00bbsolid\u00bb global_colors_info=\u00bb{}\u00bb]<a style=\"color: #ffffff;\" href=\"tel:\/\/606312900\">606 312 900<\/a>[\/et_pb_blurb][et_pb_blurb url=\u00bbhttps:\/\/www.youtube.com\/channel\/UCjg_52j530v4yFYASsMTnJQ\u00bb use_icon=\u00bbon\u00bb font_icon=\u00bb&#xe0d1;||divi||400&#8243; icon_placement=\u00bbleft\u00bb _builder_version=\u00bb4.16&#8243; header_font=\u00bb|on|||\u00bb header_text_color=\u00bb#000000&#8243; header_font_size=\u00bb18px\u00bb body_font=\u00bb|700|||||||\u00bb body_font_size=\u00bb18px\u00bb background_size=\u00bbinitial\u00bb background_position=\u00bbtop_left\u00bb background_repeat=\u00bbrepeat\u00bb text_orientation=\u00bbcenter\u00bb use_border_color=\u00bboff\u00bb border_color=\u00bb#ffffff\u00bb border_style=\u00bbsolid\u00bb global_colors_info=\u00bb{}\u00bb]<\/p>\n<p>Youtube<\/p>\n<p>[\/et_pb_blurb][et_pb_blurb url=\u00bbhttps:\/\/www.instagram.com\/construccionessanti\/\u00bb use_icon=\u00bbon\u00bb font_icon=\u00bb&#xe0c8;||divi||400&#8243; icon_placement=\u00bbleft\u00bb _builder_version=\u00bb4.17.3&#8243; header_font=\u00bb|on|||\u00bb header_text_color=\u00bb#000000&#8243; header_font_size=\u00bb18px\u00bb body_font=\u00bb|700|||||||\u00bb body_font_size=\u00bb18px\u00bb background_size=\u00bbinitial\u00bb background_position=\u00bbtop_left\u00bb background_repeat=\u00bbrepeat\u00bb text_orientation=\u00bbcenter\u00bb link_option_url=\u00bbhttps:\/\/www.instagram.com\/construccionessanti\/\u00bb use_border_color=\u00bboff\u00bb border_color=\u00bb#ffffff\u00bb border_style=\u00bbsolid\u00bb global_colors_info=\u00bb{}\u00bb]<\/p>\n<p>Instagram<\/p>\n<p>[\/et_pb_blurb][\/et_pb_column][et_pb_column type=\u00bb1_3&#8243; _builder_version=\u00bb4.16&#8243; custom_padding=\u00bb0.8em|0.8em|0.8em|0.8em|true|true\u00bb box_shadow_style=\u00bbpreset3&#8243; box_shadow_vertical=\u00bb5px\u00bb box_shadow_blur=\u00bb17px\u00bb global_colors_info=\u00bb{}\u00bb custom_padding__hover=\u00bb|||\u00bb][et_pb_blurb title=\u00bbEnlaces de inter\u00e9s:\u00bb use_icon=\u00bbon\u00bb font_icon=\u00bb&#xe082;||divi||400&#8243; icon_placement=\u00bbleft\u00bb _builder_version=\u00bb4.16&#8243; header_level=\u00bbh3&#8243; header_font=\u00bb|on|||\u00bb header_text_color=\u00bb#000000&#8243; header_font_size=\u00bb18px\u00bb body_text_color=\u00bb#FFFFFF\u00bb body_font_size=\u00bb16px\u00bb body_link_text_color=\u00bb#FFFFFF\u00bb background_size=\u00bbinitial\u00bb background_position=\u00bbtop_left\u00bb background_repeat=\u00bbrepeat\u00bb text_orientation=\u00bbcenter\u00bb custom_css_main_element=\u00bbheight:100%;\u00bb use_border_color=\u00bboff\u00bb border_color=\u00bb#ffffff\u00bb border_style=\u00bbsolid\u00bb global_colors_info=\u00bb{}\u00bb]<a href=\"https:\/\/www.construccionsireformessanti.com\/reformas-en-tarragona\/\">Reformas en Tarragona<\/a><\/p>\n<p><a href=\"https:\/\/www.construccionsireformessanti.com\/rehabilitacion-pisos-tarragona\/\">Rehabilitaci\u00f3n de pisos en Tarragona<\/a><\/p>\n<p><a href=\"https:\/\/www.construccionsireformessanti.com\/suelos-estampados-tarragona\/\">Suelos estampados en Tarragona<\/a>[\/et_pb_blurb][\/et_pb_column][\/et_pb_row][\/et_pb_section]<\/p>","protected":false},"excerpt":{"rendered":"<p>Rehabilitaci\u00f3n de pisos en CambrilsExpertos en la rehabilitaci\u00f3n de pisos en CambrilsSi necesita una empresa que haga rehabilitaci\u00f3n de pisos en Cambrils\u00a0para reformar su piso o casa, en\u00a0Construcciones y montajes Santi podemos ayudarle. Realizamos todo tipo de reformas que necesite, reformas de ba\u00f1o, de cocina, construcci\u00f3n de pergolas, fabricamos muebles a medida. Si necesita alg\u00fan [&hellip;]<\/p>","protected":false},"author":1,"featured_media":0,"parent":0,"menu_order":0,"comment_status":"closed","ping_status":"closed","template":"","meta":{"_et_pb_use_builder":"on","_et_pb_old_content":"","_et_gb_content_width":"","footnotes":""},"class_list":["post-1178","page","type-page","status-publish","hentry"],"yoast_head":"<!-- This site is optimized with the Yoast SEO plugin v27.1.1 - https:\/\/yoast.com\/product\/yoast-seo-wordpress\/ -->\n<title>Rehabilitaci\u00f3n de pisos en Cambrils<\/title>\n<meta name=\"description\" content=\"En Construcciones y montajes Santi nos dedicamos a la rehabilitaci\u00f3n de pisos en Cambrils, contacte con nosotros para m\u00e1s informaci\u00f3n.\" \/>\n<meta name=\"robots\" content=\"index, follow, max-snippet:-1, max-image-preview:large, max-video-preview:-1\" \/>\n<link rel=\"canonical\" href=\"https:\/\/www.construccionsireformessanti.com\/ca\/rehabilitacion-de-pisos-en-cambrils\/\" \/>\n<meta property=\"og:locale\" content=\"ca_ES\" \/>\n<meta property=\"og:type\" content=\"article\" \/>\n<meta property=\"og:title\" content=\"Rehabilitaci\u00f3n de pisos en Cambrils\" \/>\n<meta property=\"og:description\" content=\"En Construcciones y montajes Santi nos dedicamos a la rehabilitaci\u00f3n de pisos en Cambrils, contacte con nosotros para m\u00e1s informaci\u00f3n.\" \/>\n<meta property=\"og:url\" content=\"https:\/\/www.construccionsireformessanti.com\/ca\/rehabilitacion-de-pisos-en-cambrils\/\" \/>\n<meta property=\"og:site_name\" content=\"Construcciones y Montajes Santi\" \/>\n<meta property=\"article:modified_time\" content=\"2023-02-08T08:50:22+00:00\" \/>\n<meta name=\"twitter:card\" content=\"summary_large_image\" \/>\n<meta name=\"twitter:label1\" content=\"Temps estimat de lectura\" \/>\n\t<meta name=\"twitter:data1\" content=\"3 minuts\" \/>\n<script type=\"application\/ld+json\" class=\"yoast-schema-graph\">{\"@context\":\"https:\/\/schema.org\",\"@graph\":[{\"@type\":\"WebPage\",\"@id\":\"https:\/\/www.construccionsireformessanti.com\/rehabilitacion-de-pisos-en-cambrils\/\",\"url\":\"https:\/\/www.construccionsireformessanti.com\/rehabilitacion-de-pisos-en-cambrils\/\",\"name\":\"Rehabilitaci\u00f3n de pisos en Cambrils\",\"isPartOf\":{\"@id\":\"https:\/\/www.construccionsireformessanti.com\/#website\"},\"datePublished\":\"2019-03-07T09:41:09+00:00\",\"dateModified\":\"2023-02-08T08:50:22+00:00\",\"description\":\"En Construcciones y montajes Santi nos dedicamos a la rehabilitaci\u00f3n de pisos en Cambrils, contacte con nosotros para m\u00e1s informaci\u00f3n.\",\"breadcrumb\":{\"@id\":\"https:\/\/www.construccionsireformessanti.com\/rehabilitacion-de-pisos-en-cambrils\/#breadcrumb\"},\"inLanguage\":\"ca\",\"potentialAction\":[{\"@type\":\"ReadAction\",\"target\":[\"https:\/\/www.construccionsireformessanti.com\/rehabilitacion-de-pisos-en-cambrils\/\"]}]},{\"@type\":\"BreadcrumbList\",\"@id\":\"https:\/\/www.construccionsireformessanti.com\/rehabilitacion-de-pisos-en-cambrils\/#breadcrumb\",\"itemListElement\":[{\"@type\":\"ListItem\",\"position\":1,\"name\":\"Portada\",\"item\":\"https:\/\/www.construccionsireformessanti.com\/\"},{\"@type\":\"ListItem\",\"position\":2,\"name\":\"Rehabilitaci\u00f3n de pisos en Cambrils\"}]},{\"@type\":\"WebSite\",\"@id\":\"https:\/\/www.construccionsireformessanti.com\/#website\",\"url\":\"https:\/\/www.construccionsireformessanti.com\/\",\"name\":\"Construcciones y Montajes Santi\",\"description\":\"Construcciones en Tarragona\",\"potentialAction\":[{\"@type\":\"SearchAction\",\"target\":{\"@type\":\"EntryPoint\",\"urlTemplate\":\"https:\/\/www.construccionsireformessanti.com\/?s={search_term_string}\"},\"query-input\":{\"@type\":\"PropertyValueSpecification\",\"valueRequired\":true,\"valueName\":\"search_term_string\"}}],\"inLanguage\":\"ca\"}]}<\/script>\n<!-- \/ Yoast SEO plugin. -->","yoast_head_json":{"title":"Rehabilitaci\u00f3n de pisos en Cambrils","description":"En Construcciones y montajes Santi nos dedicamos a la rehabilitaci\u00f3n de pisos en Cambrils, contacte con nosotros para m\u00e1s informaci\u00f3n.","robots":{"index":"index","follow":"follow","max-snippet":"max-snippet:-1","max-image-preview":"max-image-preview:large","max-video-preview":"max-video-preview:-1"},"canonical":"https:\/\/www.construccionsireformessanti.com\/ca\/rehabilitacion-de-pisos-en-cambrils\/","og_locale":"ca_ES","og_type":"article","og_title":"Rehabilitaci\u00f3n de pisos en Cambrils","og_description":"En Construcciones y montajes Santi nos dedicamos a la rehabilitaci\u00f3n de pisos en Cambrils, contacte con nosotros para m\u00e1s informaci\u00f3n.","og_url":"https:\/\/www.construccionsireformessanti.com\/ca\/rehabilitacion-de-pisos-en-cambrils\/","og_site_name":"Construcciones y Montajes Santi","article_modified_time":"2023-02-08T08:50:22+00:00","twitter_card":"summary_large_image","twitter_misc":{"Temps estimat de lectura":"3 minuts"},"schema":{"@context":"https:\/\/schema.org","@graph":[{"@type":"WebPage","@id":"https:\/\/www.construccionsireformessanti.com\/rehabilitacion-de-pisos-en-cambrils\/","url":"https:\/\/www.construccionsireformessanti.com\/rehabilitacion-de-pisos-en-cambrils\/","name":"Rehabilitaci\u00f3n de pisos en Cambrils","isPartOf":{"@id":"https:\/\/www.construccionsireformessanti.com\/#website"},"datePublished":"2019-03-07T09:41:09+00:00","dateModified":"2023-02-08T08:50:22+00:00","description":"En Construcciones y montajes Santi nos dedicamos a la rehabilitaci\u00f3n de pisos en Cambrils, contacte con nosotros para m\u00e1s informaci\u00f3n.","breadcrumb":{"@id":"https:\/\/www.construccionsireformessanti.com\/rehabilitacion-de-pisos-en-cambrils\/#breadcrumb"},"inLanguage":"ca","potentialAction":[{"@type":"ReadAction","target":["https:\/\/www.construccionsireformessanti.com\/rehabilitacion-de-pisos-en-cambrils\/"]}]},{"@type":"BreadcrumbList","@id":"https:\/\/www.construccionsireformessanti.com\/rehabilitacion-de-pisos-en-cambrils\/#breadcrumb","itemListElement":[{"@type":"ListItem","position":1,"name":"Portada","item":"https:\/\/www.construccionsireformessanti.com\/"},{"@type":"ListItem","position":2,"name":"Rehabilitaci\u00f3n de pisos en Cambrils"}]},{"@type":"WebSite","@id":"https:\/\/www.construccionsireformessanti.com\/#website","url":"https:\/\/www.construccionsireformessanti.com\/","name":"Construccions i Muntatges Santi","description":"Construcciones en Tarragona","potentialAction":[{"@type":"SearchAction","target":{"@type":"EntryPoint","urlTemplate":"https:\/\/www.construccionsireformessanti.com\/?s={search_term_string}"},"query-input":{"@type":"PropertyValueSpecification","valueRequired":true,"valueName":"search_term_string"}}],"inLanguage":"ca"}]}},"_links":{"self":[{"href":"https:\/\/www.construccionsireformessanti.com\/ca\/wp-json\/wp\/v2\/pages\/1178","targetHints":{"allow":["GET"]}}],"collection":[{"href":"https:\/\/www.construccionsireformessanti.com\/ca\/wp-json\/wp\/v2\/pages"}],"about":[{"href":"https:\/\/www.construccionsireformessanti.com\/ca\/wp-json\/wp\/v2\/types\/page"}],"author":[{"embeddable":true,"href":"https:\/\/www.construccionsireformessanti.com\/ca\/wp-json\/wp\/v2\/users\/1"}],"replies":[{"embeddable":true,"href":"https:\/\/www.construccionsireformessanti.com\/ca\/wp-json\/wp\/v2\/comments?post=1178"}],"version-history":[{"count":7,"href":"https:\/\/www.construccionsireformessanti.com\/ca\/wp-json\/wp\/v2\/pages\/1178\/revisions"}],"predecessor-version":[{"id":2016,"href":"https:\/\/www.construccionsireformessanti.com\/ca\/wp-json\/wp\/v2\/pages\/1178\/revisions\/2016"}],"wp:attachment":[{"href":"https:\/\/www.construccionsireformessanti.com\/ca\/wp-json\/wp\/v2\/media?parent=1178"}],"curies":[{"name":"wp","href":"https:\/\/api.w.org\/{rel}","templated":true}]}}