{"id":468,"date":"2015-06-10T15:00:57","date_gmt":"2015-06-10T15:00:57","guid":{"rendered":"http:\/\/www.construccionsireformessanti.com\/?page_id=468"},"modified":"2018-08-14T09:44:44","modified_gmt":"2018-08-14T09:44:44","slug":"cerrajeria-en-tarragona","status":"publish","type":"page","link":"https:\/\/www.construccionsireformessanti.com\/ca\/cerrajeria-en-tarragona\/","title":{"rendered":"Serralleria a Tarragona"},"content":{"rendered":"<p>[et_pb_section fb_built=\u00bb1&#8243; custom_padding_last_edited=\u00bbon|desktop\u00bb admin_label=\u00bbsection\u00bb _builder_version=\u00bb3.0.74&#8243; background_color=\u00bb#ffffff\u00bb background_image=\u00bbhttps:\/\/www.construccionsireformessanti.com\/wp-content\/uploads\/2015\/06\/CERRAJER\u00cdA.jpg\u00bb custom_padding_tablet=\u00bb50px|0|50px|0&#8243; transparent_background=\u00bboff\u00bb padding_mobile=\u00bboff\u00bb][et_pb_row padding_mobile=\u00bboff\u00bb column_padding_mobile=\u00bbon\u00bb admin_label=\u00bbrow\u00bb _builder_version=\u00bb3.0.48&#8243; background_size=\u00bbinitial\u00bb background_position=\u00bbtop_left\u00bb background_repeat=\u00bbrepeat\u00bb][et_pb_column type=\u00bb4_4&#8243; _builder_version=\u00bb3.0.47&#8243; column_padding_mobile=\u00bbon\u00bb parallax=\u00bboff\u00bb parallax_method=\u00bbon\u00bb][et_pb_text admin_label=\u00bbTexto\u00bb _builder_version=\u00bb3.0.87&#8243; background_size=\u00bbinitial\u00bb background_position=\u00bbtop_left\u00bb background_repeat=\u00bbrepeat\u00bb background_layout=\u00bbdark\u00bb use_border_color=\u00bboff\u00bb border_style=\u00bbsolid\u00bb]<\/p>\n<h2 style=\"text-align: center; text-shadow: 4px 4px 4px black; font-size: 26px;\"><em>Cerrajer\u00eda en Tarragona<\/em><\/h2>\n<h1 style=\"text-align: center; text-shadow: 4px 4px 4px black; font-size: 30px;\">Construcciones y Montajes Santi<\/h1>\n<p>[\/et_pb_text][\/et_pb_column][\/et_pb_row][\/et_pb_section][et_pb_section fb_built=\u00bb1&#8243; custom_padding_last_edited=\u00bbon|desktop\u00bb admin_label=\u00bbsection\u00bb _builder_version=\u00bb3.0.74&#8243; custom_padding_tablet=\u00bb50px|0|50px|0&#8243; transparent_background=\u00bboff\u00bb padding_mobile=\u00bboff\u00bb][et_pb_row make_fullwidth=\u00bbon\u00bb custom_width_percent=\u00bb80&#8243; padding_mobile=\u00bboff\u00bb column_padding_mobile=\u00bbon\u00bb admin_label=\u00bbrow\u00bb _builder_version=\u00bb3.0.48&#8243; background_size=\u00bbinitial\u00bb background_position=\u00bbtop_left\u00bb background_repeat=\u00bbrepeat\u00bb][et_pb_column type=\u00bb1_4&#8243; _builder_version=\u00bb3.0.47&#8243; column_padding_mobile=\u00bbon\u00bb parallax=\u00bboff\u00bb parallax_method=\u00bbon\u00bb][et_pb_divider show_divider=\u00bboff\u00bb height=\u00bb50&#8243; disabled_on=\u00bbon|on|off\u00bb admin_label=\u00bbSeparador\u00bb _builder_version=\u00bb3.2&#8243; hide_on_mobile=\u00bbon\u00bb] [\/et_pb_divider][et_pb_image src=\u00bbhttps:\/\/www.construccionsireformessanti.com\/wp-content\/uploads\/2015\/06\/CERRAJERO.png\u00bb alt=\u00bbCerrajer\u00eda en Tarragona\u00bb title_text=\u00bbCerrajer\u00eda en Tarragona\u00bb show_in_lightbox=\u00bbon\u00bb align=\u00bbcenter\u00bb admin_label=\u00bbImagen\u00bb _builder_version=\u00bb3.0.87&#8243; animation_style=\u00bbslide\u00bb animation_direction=\u00bbleft\u00bb animation_duration=\u00bb500ms\u00bb animation_intensity_slide=\u00bb10%\u00bb use_border_color=\u00bboff\u00bb border_color=\u00bb#ffffff\u00bb border_width=\u00bb1&#8243; border_style=\u00bbsolid\u00bb animation=\u00bbleft\u00bb sticky=\u00bboff\u00bb] [\/et_pb_image][\/et_pb_column][et_pb_column type=\u00bb1_2&#8243; _builder_version=\u00bb3.0.47&#8243; column_padding_mobile=\u00bbon\u00bb parallax=\u00bboff\u00bb parallax_method=\u00bbon\u00bb][et_pb_text admin_label=\u00bbTexto\u00bb _builder_version=\u00bb3.0.87&#8243; text_letter_spacing=\u00bb0&#8243; text_letter_spacing_tablet=\u00bb0&#8243; text_letter_spacing_phone=\u00bb0&#8243; text_line_height=\u00bb1.7&#8243; text_line_height_tablet=\u00bb1.7&#8243; text_line_height_phone=\u00bb1.7&#8243; header_font_size=\u00bb30&#8243; header_font_size_tablet=\u00bb30&#8243; header_font_size_phone=\u00bb30&#8243; header_letter_spacing=\u00bb0&#8243; header_letter_spacing_tablet=\u00bb0&#8243; header_letter_spacing_phone=\u00bb0&#8243; header_line_height=\u00bb1&#8243; header_line_height_tablet=\u00bb1&#8243; header_line_height_phone=\u00bb1&#8243; background_size=\u00bbinitial\u00bb background_position=\u00bbtop_left\u00bb background_repeat=\u00bbrepeat\u00bb use_border_color=\u00bboff\u00bb border_color=\u00bb#ffffff\u00bb border_width=\u00bb1&#8243; border_style=\u00bbsolid\u00bb]<\/p>\n<h2 style=\"text-align: center; font-size: 30px; text-shadow: 3px 3px 3px black;\"><span style=\"color: #ff6600;\"><em><strong>CERRAJER\u00cdA EN TARRAGONA<br \/>\n<\/strong><\/em><\/span><\/h2>\n<p>[\/et_pb_text][et_pb_text admin_label=\u00bbTexto\u00bb _builder_version=\u00bb3.0.87&#8243; background_size=\u00bbinitial\u00bb background_position=\u00bbtop_left\u00bb background_repeat=\u00bbrepeat\u00bb use_border_color=\u00bboff\u00bb border_style=\u00bbsolid\u00bb]<\/p>\n<p style=\"text-align: justify;\">En <strong>Construcciones y Montajes Santi<\/strong> trabajamos para comunidades de vecinos, particulares, empresas y administraciones <strong>en toda la provincia de Tarragona.<\/strong><\/p>\n<p style=\"text-align: justify;\">Somos un<strong> servicio de cerrajeros con precios razonables.\u00a0 <\/strong>Realizamos los trabajos con rapidez y profesionalidad.<\/p>\n<p style=\"text-align: justify;\">Disponemos de profesionales con muchos a\u00f1os de experiencia en <strong>cerrajer\u00eda en comunidades, particulares y empresas. <\/strong>Si usted nos necesita, nosotros acudiremos. Repararemos cualquier problema que surja.<\/p>\n<p>[\/et_pb_text][et_pb_cta title=\u00bb\u00a1Cont\u00e1ctenos!\u00bb button_url=\u00bbhttps:\/\/www.construccionsireformessanti.com\/contacto\/\u00bb button_text=\u00bbPresupuestos sin compromiso\u00bb admin_label=\u00bbLlamada a la acci\u00f3n\u00bb _builder_version=\u00bb3.12.1&#8243; header_text_color=\u00bb#ff6600&#8243; header_letter_spacing=\u00bb0&#8243; header_line_height=\u00bb1&#8243; body_text_color=\u00bb#000000&#8243; body_letter_spacing=\u00bb0&#8243; body_line_height=\u00bb1.7&#8243; use_background_color=\u00bboff\u00bb background_size=\u00bbinitial\u00bb background_position=\u00bbtop_left\u00bb background_repeat=\u00bbrepeat\u00bb border_width_all=\u00bb1&#8243; border_color_all=\u00bb#ffffff\u00bb border_style_all=\u00bbsolid\u00bb custom_button=\u00bbon\u00bb button_text_color=\u00bb#000000&#8243; button_bg_color=\u00bb#ffffff\u00bb button_border_color=\u00bb#ff6600&#8243; button_use_icon=\u00bbdefault\u00bb use_border_color=\u00bbon\u00bb border_color=\u00bb#ffffff\u00bb border_width=\u00bb1&#8243; border_style=\u00bbsolid\u00bb saved_tabs=\u00bball\u00bb] [\/et_pb_cta][\/et_pb_column][et_pb_column type=\u00bb1_4&#8243; _builder_version=\u00bb3.0.47&#8243; column_padding_mobile=\u00bbon\u00bb parallax=\u00bboff\u00bb parallax_method=\u00bbon\u00bb][et_pb_divider show_divider=\u00bboff\u00bb height=\u00bb50&#8243; disabled_on=\u00bbon|on|off\u00bb admin_label=\u00bbSeparador\u00bb _builder_version=\u00bb3.2&#8243; hide_on_mobile=\u00bbon\u00bb] [\/et_pb_divider][et_pb_blog fullwidth=\u00bboff\u00bb posts_number=\u00bb1&#8243; include_categories=\u00bb18&#8243; show_thumbnail=\u00bboff\u00bb show_more=\u00bbon\u00bb show_author=\u00bboff\u00bb show_categories=\u00bboff\u00bb admin_label=\u00bbBlog\u00bb _builder_version=\u00bb3.0.94&#8243; header_letter_spacing=\u00bb0&#8243; header_line_height=\u00bb1&#8243; body_letter_spacing=\u00bb0&#8243; body_line_height=\u00bb1.7&#8243; meta_letter_spacing=\u00bb0&#8243; meta_line_height=\u00bb1.7&#8243; use_border_color=\u00bboff\u00bb border_color=\u00bb#ffffff\u00bb border_width=\u00bb1&#8243; border_style=\u00bbsolid\u00bb use_dropshadow=\u00bboff\u00bb] [\/et_pb_blog][\/et_pb_column][\/et_pb_row][\/et_pb_section][et_pb_section fb_built=\u00bb1&#8243; custom_padding_last_edited=\u00bbon|desktop\u00bb admin_label=\u00bbsection\u00bb _builder_version=\u00bb3.0.74&#8243; background_color=\u00bb#CE4F00&#8243; custom_padding_tablet=\u00bb50px|0|50px|0&#8243; transparent_background=\u00bboff\u00bb padding_mobile=\u00bboff\u00bb global_module=\u00bb616&#8243;][et_pb_row padding_mobile=\u00bboff\u00bb column_padding_mobile=\u00bbon\u00bb admin_label=\u00bbrow\u00bb _builder_version=\u00bb3.0.47&#8243; background_size=\u00bbinitial\u00bb background_position=\u00bbtop_left\u00bb background_repeat=\u00bbrepeat\u00bb][et_pb_column type=\u00bb1_3&#8243; _builder_version=\u00bb3.0.47&#8243; column_padding_mobile=\u00bbon\u00bb parallax=\u00bboff\u00bb parallax_method=\u00bbon\u00bb][et_pb_blurb title=\u00bbDirecci\u00f3n:\u00bb use_icon=\u00bbon\u00bb font_icon=\u00bb%%248%%\u00bb icon_placement=\u00bbleft\u00bb _builder_version=\u00bb3.0.87&#8243; header_font=\u00bb|on|||\u00bb header_text_color=\u00bb#000000&#8243; header_font_size=\u00bb18px\u00bb body_font_size=\u00bb16px\u00bb background_size=\u00bbinitial\u00bb background_position=\u00bbtop_left\u00bb background_repeat=\u00bbrepeat\u00bb text_orientation=\u00bbcenter\u00bb use_border_color=\u00bboff\u00bb border_color=\u00bb#ffffff\u00bb border_style=\u00bbsolid\u00bb]<\/p>\n<p><span style=\"color: #ffffff;\">C\/ Llenguaderes, 3<\/span><\/p>\n<p><span style=\"color: #ffffff;\">43392 \u2013 Castellvell del Camp<\/span><\/p>\n<p><span style=\"color: #ffffff;\">(Tarragona)<\/span><\/p>\n<p>[\/et_pb_blurb][\/et_pb_column][et_pb_column type=\u00bb1_3&#8243; _builder_version=\u00bb3.0.47&#8243; column_padding_mobile=\u00bbon\u00bb parallax=\u00bboff\u00bb parallax_method=\u00bbon\u00bb][et_pb_blurb title=\u00bbContacto:\u00bb use_icon=\u00bbon\u00bb font_icon=\u00bb%%264%%\u00bb icon_placement=\u00bbleft\u00bb _builder_version=\u00bb3.0.87&#8243; header_font=\u00bb|on|||\u00bb header_text_color=\u00bb#000000&#8243; header_font_size=\u00bb18px\u00bb body_font_size=\u00bb16px\u00bb background_size=\u00bbinitial\u00bb background_position=\u00bbtop_left\u00bb background_repeat=\u00bbrepeat\u00bb text_orientation=\u00bbcenter\u00bb use_border_color=\u00bboff\u00bb border_color=\u00bb#ffffff\u00bb border_style=\u00bbsolid\u00bb]<\/p>\n<p><span style=\"color: #ffffff;\"><strong><a style=\"color: #ffffff;\" href=\"tel:\/\/606312900\">606 312 900<\/a><\/strong><\/span><\/p>\n<p>[\/et_pb_blurb][\/et_pb_column][et_pb_column type=\u00bb1_3&#8243; _builder_version=\u00bb3.0.47&#8243; column_padding_mobile=\u00bbon\u00bb parallax=\u00bboff\u00bb parallax_method=\u00bbon\u00bb][et_pb_blurb title=\u00bbEnlaces de inter\u00e9s:\u00bb use_icon=\u00bbon\u00bb font_icon=\u00bb%%250%%\u00bb icon_placement=\u00bbleft\u00bb _builder_version=\u00bb3.0.87&#8243; header_font=\u00bb|on|||\u00bb header_text_color=\u00bb#000000&#8243; header_font_size=\u00bb18px\u00bb body_font_size=\u00bb16px\u00bb background_size=\u00bbinitial\u00bb background_position=\u00bbtop_left\u00bb background_repeat=\u00bbrepeat\u00bb text_orientation=\u00bbcenter\u00bb use_border_color=\u00bboff\u00bb border_color=\u00bb#ffffff\u00bb border_style=\u00bbsolid\u00bb]<\/p>\n<p><span style=\"color: #ffffff;\"><a style=\"color: #ffffff;\" href=\"https:\/\/www.construccionsireformessanti.com\/reformas-en-tarragona\/\">Reformas en Tarragona<\/a><\/span><\/p>\n<p><span style=\"color: #ffffff;\"><a style=\"color: #ffffff;\" href=\"https:\/\/www.construccionsireformessanti.com\/rehabilitacion-pisos-tarragona\/\">Rehabilitaci\u00f3n de pisos en Tarragona<\/a><\/span><\/p>\n<p><span style=\"color: #ffffff;\"><a style=\"color: #ffffff;\" href=\"https:\/\/www.construccionsireformessanti.com\/suelos-estampados-tarragona\/\">Suelos estampados en Tarragona<\/a><\/span><\/p>\n<p>[\/et_pb_blurb][\/et_pb_column][\/et_pb_row][\/et_pb_section]<\/p>","protected":false},"excerpt":{"rendered":"<p>Cerrajer\u00eda en Tarragona Construcciones y Montajes Santi CERRAJER\u00cdA EN TARRAGONA En Construcciones y Montajes Santi trabajamos para comunidades de vecinos, particulares, empresas y administraciones en toda la provincia de Tarragona. Somos un servicio de cerrajeros con precios razonables.\u00a0 Realizamos los trabajos con rapidez y profesionalidad. Disponemos de profesionales con muchos a\u00f1os de experiencia en cerrajer\u00eda [&hellip;]<\/p>","protected":false},"author":1,"featured_media":0,"parent":0,"menu_order":0,"comment_status":"open","ping_status":"closed","template":"","meta":{"_et_pb_use_builder":"on","_et_pb_old_content":"","_et_gb_content_width":"","footnotes":""},"class_list":["post-468","page","type-page","status-publish","hentry"],"yoast_head":"<!-- This site is optimized with the Yoast SEO plugin v27.1.1 - https:\/\/yoast.com\/product\/yoast-seo-wordpress\/ -->\n<title>Cerrajer\u00eda en Tarragona - Construcciones y Montajes Santi<\/title>\n<meta name=\"description\" content=\"Cerrajer\u00eda en Tarragona, disponemos de profesionales con muchos a\u00f1os de experiencia en cerrajer\u00eda en comunidades, particulares y empresas.\" \/>\n<meta name=\"robots\" content=\"index, follow, max-snippet:-1, max-image-preview:large, max-video-preview:-1\" \/>\n<link rel=\"canonical\" href=\"https:\/\/www.construccionsireformessanti.com\/ca\/cerrajeria-en-tarragona\/\" \/>\n<meta property=\"og:locale\" content=\"ca_ES\" \/>\n<meta property=\"og:type\" content=\"article\" \/>\n<meta property=\"og:title\" content=\"Cerrajer\u00eda en Tarragona - Construcciones y Montajes Santi\" \/>\n<meta property=\"og:description\" content=\"Cerrajer\u00eda en Tarragona, disponemos de profesionales con muchos a\u00f1os de experiencia en cerrajer\u00eda en comunidades, particulares y empresas.\" \/>\n<meta property=\"og:url\" content=\"https:\/\/www.construccionsireformessanti.com\/ca\/cerrajeria-en-tarragona\/\" \/>\n<meta property=\"og:site_name\" content=\"Construcciones y Montajes Santi\" \/>\n<meta property=\"article:modified_time\" content=\"2018-08-14T09:44:44+00:00\" \/>\n<meta name=\"twitter:card\" content=\"summary_large_image\" \/>\n<meta name=\"twitter:label1\" content=\"Temps estimat de lectura\" \/>\n\t<meta name=\"twitter:data1\" content=\"5 minuts\" \/>\n<script type=\"application\/ld+json\" class=\"yoast-schema-graph\">{\"@context\":\"https:\/\/schema.org\",\"@graph\":[{\"@type\":\"WebPage\",\"@id\":\"https:\/\/www.construccionsireformessanti.com\/cerrajeria-en-tarragona\/\",\"url\":\"https:\/\/www.construccionsireformessanti.com\/cerrajeria-en-tarragona\/\",\"name\":\"Cerrajer\u00eda en Tarragona - Construcciones y Montajes Santi\",\"isPartOf\":{\"@id\":\"https:\/\/www.construccionsireformessanti.com\/#website\"},\"datePublished\":\"2015-06-10T15:00:57+00:00\",\"dateModified\":\"2018-08-14T09:44:44+00:00\",\"description\":\"Cerrajer\u00eda en Tarragona, disponemos de profesionales con muchos a\u00f1os de experiencia en cerrajer\u00eda en comunidades, particulares y empresas.\",\"breadcrumb\":{\"@id\":\"https:\/\/www.construccionsireformessanti.com\/cerrajeria-en-tarragona\/#breadcrumb\"},\"inLanguage\":\"ca\",\"potentialAction\":[{\"@type\":\"ReadAction\",\"target\":[\"https:\/\/www.construccionsireformessanti.com\/cerrajeria-en-tarragona\/\"]}]},{\"@type\":\"BreadcrumbList\",\"@id\":\"https:\/\/www.construccionsireformessanti.com\/cerrajeria-en-tarragona\/#breadcrumb\",\"itemListElement\":[{\"@type\":\"ListItem\",\"position\":1,\"name\":\"Portada\",\"item\":\"https:\/\/www.construccionsireformessanti.com\/\"},{\"@type\":\"ListItem\",\"position\":2,\"name\":\"Cerrajer\u00eda en Tarragona\"}]},{\"@type\":\"WebSite\",\"@id\":\"https:\/\/www.construccionsireformessanti.com\/#website\",\"url\":\"https:\/\/www.construccionsireformessanti.com\/\",\"name\":\"Construcciones y Montajes Santi\",\"description\":\"Construcciones en Tarragona\",\"potentialAction\":[{\"@type\":\"SearchAction\",\"target\":{\"@type\":\"EntryPoint\",\"urlTemplate\":\"https:\/\/www.construccionsireformessanti.com\/?s={search_term_string}\"},\"query-input\":{\"@type\":\"PropertyValueSpecification\",\"valueRequired\":true,\"valueName\":\"search_term_string\"}}],\"inLanguage\":\"ca\"}]}<\/script>\n<!-- \/ Yoast SEO plugin. -->","yoast_head_json":{"title":"Cerrajer\u00eda en Tarragona - Construcciones y Montajes Santi","description":"Cerrajer\u00eda en Tarragona, disponemos de profesionales con muchos a\u00f1os de experiencia en cerrajer\u00eda en comunidades, particulares y empresas.","robots":{"index":"index","follow":"follow","max-snippet":"max-snippet:-1","max-image-preview":"max-image-preview:large","max-video-preview":"max-video-preview:-1"},"canonical":"https:\/\/www.construccionsireformessanti.com\/ca\/cerrajeria-en-tarragona\/","og_locale":"ca_ES","og_type":"article","og_title":"Cerrajer\u00eda en Tarragona - Construcciones y Montajes Santi","og_description":"Cerrajer\u00eda en Tarragona, disponemos de profesionales con muchos a\u00f1os de experiencia en cerrajer\u00eda en comunidades, particulares y empresas.","og_url":"https:\/\/www.construccionsireformessanti.com\/ca\/cerrajeria-en-tarragona\/","og_site_name":"Construcciones y Montajes Santi","article_modified_time":"2018-08-14T09:44:44+00:00","twitter_card":"summary_large_image","twitter_misc":{"Temps estimat de lectura":"5 minuts"},"schema":{"@context":"https:\/\/schema.org","@graph":[{"@type":"WebPage","@id":"https:\/\/www.construccionsireformessanti.com\/cerrajeria-en-tarragona\/","url":"https:\/\/www.construccionsireformessanti.com\/cerrajeria-en-tarragona\/","name":"Cerrajer\u00eda en Tarragona - Construcciones y Montajes Santi","isPartOf":{"@id":"https:\/\/www.construccionsireformessanti.com\/#website"},"datePublished":"2015-06-10T15:00:57+00:00","dateModified":"2018-08-14T09:44:44+00:00","description":"Cerrajer\u00eda en Tarragona, disponemos de profesionales con muchos a\u00f1os de experiencia en cerrajer\u00eda en comunidades, particulares y empresas.","breadcrumb":{"@id":"https:\/\/www.construccionsireformessanti.com\/cerrajeria-en-tarragona\/#breadcrumb"},"inLanguage":"ca","potentialAction":[{"@type":"ReadAction","target":["https:\/\/www.construccionsireformessanti.com\/cerrajeria-en-tarragona\/"]}]},{"@type":"BreadcrumbList","@id":"https:\/\/www.construccionsireformessanti.com\/cerrajeria-en-tarragona\/#breadcrumb","itemListElement":[{"@type":"ListItem","position":1,"name":"Portada","item":"https:\/\/www.construccionsireformessanti.com\/"},{"@type":"ListItem","position":2,"name":"Cerrajer\u00eda en Tarragona"}]},{"@type":"WebSite","@id":"https:\/\/www.construccionsireformessanti.com\/#website","url":"https:\/\/www.construccionsireformessanti.com\/","name":"Construccions i Muntatges Santi","description":"Construcciones en Tarragona","potentialAction":[{"@type":"SearchAction","target":{"@type":"EntryPoint","urlTemplate":"https:\/\/www.construccionsireformessanti.com\/?s={search_term_string}"},"query-input":{"@type":"PropertyValueSpecification","valueRequired":true,"valueName":"search_term_string"}}],"inLanguage":"ca"}]}},"_links":{"self":[{"href":"https:\/\/www.construccionsireformessanti.com\/ca\/wp-json\/wp\/v2\/pages\/468","targetHints":{"allow":["GET"]}}],"collection":[{"href":"https:\/\/www.construccionsireformessanti.com\/ca\/wp-json\/wp\/v2\/pages"}],"about":[{"href":"https:\/\/www.construccionsireformessanti.com\/ca\/wp-json\/wp\/v2\/types\/page"}],"author":[{"embeddable":true,"href":"https:\/\/www.construccionsireformessanti.com\/ca\/wp-json\/wp\/v2\/users\/1"}],"replies":[{"embeddable":true,"href":"https:\/\/www.construccionsireformessanti.com\/ca\/wp-json\/wp\/v2\/comments?post=468"}],"version-history":[{"count":20,"href":"https:\/\/www.construccionsireformessanti.com\/ca\/wp-json\/wp\/v2\/pages\/468\/revisions"}],"predecessor-version":[{"id":1035,"href":"https:\/\/www.construccionsireformessanti.com\/ca\/wp-json\/wp\/v2\/pages\/468\/revisions\/1035"}],"wp:attachment":[{"href":"https:\/\/www.construccionsireformessanti.com\/ca\/wp-json\/wp\/v2\/media?parent=468"}],"curies":[{"name":"wp","href":"https:\/\/api.w.org\/{rel}","templated":true}]}}